{"id":907,"date":"2023-07-14T11:11:07","date_gmt":"2023-07-14T11:11:07","guid":{"rendered":"https:\/\/www.lingualis.com\/?page_id=907"},"modified":"2023-07-25T15:47:41","modified_gmt":"2023-07-25T15:47:41","slug":"combinaciones-linguisticas","status":"publish","type":"page","link":"https:\/\/www.lingualis.com\/es\/combinaciones-linguisticas\/","title":{"rendered":"Combinaciones ling\u00fc\u00edsticas"},"content":{"rendered":"<div class=\"fusion-fullwidth fullwidth-box fusion-builder-row-1 fusion-flex-container has-pattern-background has-mask-background nonhundred-percent-fullwidth non-hundred-percent-height-scrolling\" style=\"--awb-border-radius-top-left:0px;--awb-border-radius-top-right:0px;--awb-border-radius-bottom-right:0px;--awb-border-radius-bottom-left:0px;--awb-flex-wrap:wrap;\" ><div class=\"fusion-builder-row fusion-row fusion-flex-align-items-flex-start fusion-flex-content-wrap\" style=\"max-width:1404px;margin-left: calc(-4% \/ 2 );margin-right: calc(-4% \/ 2 );\"><div class=\"fusion-layout-column fusion_builder_column fusion-builder-column-0 fusion_builder_column_1_1 1_1 fusion-flex-column\" style=\"--awb-bg-size:cover;--awb-width-large:100%;--awb-margin-top-large:0px;--awb-spacing-right-large:1.92%;--awb-margin-bottom-large:20px;--awb-spacing-left-large:1.92%;--awb-width-medium:100%;--awb-order-medium:0;--awb-spacing-right-medium:1.92%;--awb-spacing-left-medium:1.92%;--awb-width-small:100%;--awb-order-small:0;--awb-spacing-right-small:1.92%;--awb-spacing-left-small:1.92%;\"><div class=\"fusion-column-wrapper fusion-column-has-shadow fusion-flex-justify-content-flex-start fusion-content-layout-column\"><div class=\"fusion-text fusion-text-1\"><h1 style=\"text-align: center;\">Trabajamos con las siguientes combinaciones ling\u00fc\u00edsticas:<\/h1>\n<\/div><div class=\"fusion-text fusion-text-2\"><p style=\"text-align: center;\">Ingl\u00e9s &gt; franc\u00e9s; alem\u00e1n &gt; franc\u00e9s; italiano &gt; franc\u00e9s; espa\u00f1ol &gt; franc\u00e9s; catal\u00e1n &gt; franc\u00e9s; franc\u00e9s &gt; ingl\u00e9s.<\/p>\n<p style=\"text-align: center;\">Tambi\u00e9n ofrecemos otros pares de idiomas a trav\u00e9s de nuestra red de colaboradores (<a href=\"https:\/\/www.lingualis.com\/es\/contacto\/\">contacte con nosotros<\/a>).<\/p>\n<\/div><\/div><\/div><\/div><\/div>\n","protected":false},"excerpt":{"rendered":"","protected":false},"author":2,"featured_media":0,"parent":0,"menu_order":0,"comment_status":"closed","ping_status":"closed","template":"100-width.php","meta":{"footnotes":""},"class_list":["post-907","page","type-page","status-publish","hentry"],"yoast_head":"<!-- This site is optimized with the Yoast SEO plugin v23.0 - https:\/\/yoast.com\/wordpress\/plugins\/seo\/ -->\n<title>Combinaciones ling\u00fc\u00edsticas - Lingualis<\/title>\n<meta name=\"robots\" content=\"index, follow, max-snippet:-1, max-image-preview:large, max-video-preview:-1\" \/>\n<link rel=\"canonical\" href=\"https:\/\/www.lingualis.com\/our-language-combinations\/\" \/>\n<meta property=\"og:locale\" content=\"es_ES\" \/>\n<meta property=\"og:type\" content=\"article\" \/>\n<meta property=\"og:title\" content=\"Combinaciones ling\u00fc\u00edsticas - Lingualis\" \/>\n<meta property=\"og:url\" content=\"https:\/\/www.lingualis.com\/our-language-combinations\/\" \/>\n<meta property=\"og:site_name\" content=\"Lingualis\" \/>\n<meta property=\"article:modified_time\" content=\"2023-07-25T15:47:41+00:00\" \/>\n<meta name=\"twitter:card\" content=\"summary_large_image\" \/>\n<meta name=\"twitter:label1\" content=\"Tiempo de lectura\" \/>\n\t<meta name=\"twitter:data1\" content=\"3 minutos\" \/>\n<script type=\"application\/ld+json\" class=\"yoast-schema-graph\">{\"@context\":\"https:\/\/schema.org\",\"@graph\":[{\"@type\":\"WebPage\",\"@id\":\"https:\/\/www.lingualis.com\/our-language-combinations\/\",\"url\":\"https:\/\/www.lingualis.com\/our-language-combinations\/\",\"name\":\"Combinaciones ling\u00fc\u00edsticas - Lingualis\",\"isPartOf\":{\"@id\":\"https:\/\/www.lingualis.com\/#website\"},\"datePublished\":\"2023-07-14T11:11:07+00:00\",\"dateModified\":\"2023-07-25T15:47:41+00:00\",\"breadcrumb\":{\"@id\":\"https:\/\/www.lingualis.com\/our-language-combinations\/#breadcrumb\"},\"inLanguage\":\"es\",\"potentialAction\":[{\"@type\":\"ReadAction\",\"target\":[\"https:\/\/www.lingualis.com\/our-language-combinations\/\"]}]},{\"@type\":\"BreadcrumbList\",\"@id\":\"https:\/\/www.lingualis.com\/our-language-combinations\/#breadcrumb\",\"itemListElement\":[{\"@type\":\"ListItem\",\"position\":1,\"name\":\"Home\",\"item\":\"https:\/\/www.lingualis.com\/es\/\"},{\"@type\":\"ListItem\",\"position\":2,\"name\":\"Combinaciones ling\u00fc\u00edsticas\"}]},{\"@type\":\"WebSite\",\"@id\":\"https:\/\/www.lingualis.com\/#website\",\"url\":\"https:\/\/www.lingualis.com\/\",\"name\":\"Lingualis\",\"description\":\"\",\"potentialAction\":[{\"@type\":\"SearchAction\",\"target\":{\"@type\":\"EntryPoint\",\"urlTemplate\":\"https:\/\/www.lingualis.com\/?s={search_term_string}\"},\"query-input\":\"required name=search_term_string\"}],\"inLanguage\":\"es\"}]}<\/script>\n<!-- \/ Yoast SEO plugin. -->","yoast_head_json":{"title":"Combinaciones ling\u00fc\u00edsticas - Lingualis","robots":{"index":"index","follow":"follow","max-snippet":"max-snippet:-1","max-image-preview":"max-image-preview:large","max-video-preview":"max-video-preview:-1"},"canonical":"https:\/\/www.lingualis.com\/our-language-combinations\/","og_locale":"es_ES","og_type":"article","og_title":"Combinaciones ling\u00fc\u00edsticas - Lingualis","og_url":"https:\/\/www.lingualis.com\/our-language-combinations\/","og_site_name":"Lingualis","article_modified_time":"2023-07-25T15:47:41+00:00","twitter_card":"summary_large_image","twitter_misc":{"Tiempo de lectura":"3 minutos"},"schema":{"@context":"https:\/\/schema.org","@graph":[{"@type":"WebPage","@id":"https:\/\/www.lingualis.com\/our-language-combinations\/","url":"https:\/\/www.lingualis.com\/our-language-combinations\/","name":"Combinaciones ling\u00fc\u00edsticas - Lingualis","isPartOf":{"@id":"https:\/\/www.lingualis.com\/#website"},"datePublished":"2023-07-14T11:11:07+00:00","dateModified":"2023-07-25T15:47:41+00:00","breadcrumb":{"@id":"https:\/\/www.lingualis.com\/our-language-combinations\/#breadcrumb"},"inLanguage":"es","potentialAction":[{"@type":"ReadAction","target":["https:\/\/www.lingualis.com\/our-language-combinations\/"]}]},{"@type":"BreadcrumbList","@id":"https:\/\/www.lingualis.com\/our-language-combinations\/#breadcrumb","itemListElement":[{"@type":"ListItem","position":1,"name":"Home","item":"https:\/\/www.lingualis.com\/es\/"},{"@type":"ListItem","position":2,"name":"Combinaciones ling\u00fc\u00edsticas"}]},{"@type":"WebSite","@id":"https:\/\/www.lingualis.com\/#website","url":"https:\/\/www.lingualis.com\/","name":"Lingualis","description":"","potentialAction":[{"@type":"SearchAction","target":{"@type":"EntryPoint","urlTemplate":"https:\/\/www.lingualis.com\/?s={search_term_string}"},"query-input":"required name=search_term_string"}],"inLanguage":"es"}]}},"_links":{"self":[{"href":"https:\/\/www.lingualis.com\/es\/wp-json\/wp\/v2\/pages\/907","targetHints":{"allow":["GET"]}}],"collection":[{"href":"https:\/\/www.lingualis.com\/es\/wp-json\/wp\/v2\/pages"}],"about":[{"href":"https:\/\/www.lingualis.com\/es\/wp-json\/wp\/v2\/types\/page"}],"author":[{"embeddable":true,"href":"https:\/\/www.lingualis.com\/es\/wp-json\/wp\/v2\/users\/2"}],"replies":[{"embeddable":true,"href":"https:\/\/www.lingualis.com\/es\/wp-json\/wp\/v2\/comments?post=907"}],"version-history":[{"count":5,"href":"https:\/\/www.lingualis.com\/es\/wp-json\/wp\/v2\/pages\/907\/revisions"}],"predecessor-version":[{"id":912,"href":"https:\/\/www.lingualis.com\/es\/wp-json\/wp\/v2\/pages\/907\/revisions\/912"}],"wp:attachment":[{"href":"https:\/\/www.lingualis.com\/es\/wp-json\/wp\/v2\/media?parent=907"}],"curies":[{"name":"wp","href":"https:\/\/api.w.org\/{rel}","templated":true}]}}