{"id":926,"date":"2023-07-10T09:44:04","date_gmt":"2023-07-10T09:44:04","guid":{"rendered":"https:\/\/www.lingualis.com\/?page_id=926"},"modified":"2024-12-04T12:47:40","modified_gmt":"2024-12-04T12:47:40","slug":"politica-de-cookies","status":"publish","type":"page","link":"https:\/\/www.lingualis.com\/es\/politica-de-cookies\/","title":{"rendered":"Pol\u00edtica de cookies"},"content":{"rendered":"<div class=\"fusion-fullwidth fullwidth-box fusion-builder-row-1 fusion-flex-container has-pattern-background has-mask-background nonhundred-percent-fullwidth non-hundred-percent-height-scrolling\" style=\"--awb-border-radius-top-left:0px;--awb-border-radius-top-right:0px;--awb-border-radius-bottom-right:0px;--awb-border-radius-bottom-left:0px;--awb-flex-wrap:wrap;\" ><div class=\"fusion-builder-row fusion-row fusion-flex-align-items-flex-start fusion-flex-content-wrap\" style=\"max-width:1404px;margin-left: calc(-4% \/ 2 );margin-right: calc(-4% \/ 2 );\"><div class=\"fusion-layout-column fusion_builder_column fusion-builder-column-0 fusion_builder_column_1_1 1_1 fusion-flex-column\" style=\"--awb-bg-size:cover;--awb-width-large:100%;--awb-margin-top-large:0px;--awb-spacing-right-large:1.92%;--awb-margin-bottom-large:20px;--awb-spacing-left-large:1.92%;--awb-width-medium:100%;--awb-order-medium:0;--awb-spacing-right-medium:1.92%;--awb-spacing-left-medium:1.92%;--awb-width-small:100%;--awb-order-small:0;--awb-spacing-right-small:1.92%;--awb-spacing-left-small:1.92%;\"><div class=\"fusion-column-wrapper fusion-column-has-shadow fusion-flex-justify-content-flex-start fusion-content-layout-column\"><div class=\"fusion-text fusion-text-1\"><h2>Pol\u00edtica de cookies<\/h2>\n<p lang=\"en-US\"><strong>\u00bfQu\u00e9 son las cookies?<\/strong><\/p>\n<p>Esta Pol\u00edtica de Cookies explica qu\u00e9 son las cookies y c\u00f3mo las utilizamos, los tipos de cookies que usamos (es decir, la informaci\u00f3n que recopilamos mediante cookies, c\u00f3mo utilizamos esa informaci\u00f3n) y c\u00f3mo gestionar la configuraci\u00f3n de las cookies.<\/p>\n<p>Las cookies son peque\u00f1os archivos de texto que se utilizan para almacenar peque\u00f1as cantidades de informaci\u00f3n. Se guardan en su dispositivo cuando el sitio web se carga en su navegador. Estas cookies nos ayudan a que el sitio web funcione correctamente, sea m\u00e1s seguro, proporcione una mejor experiencia de usuario y nos permita comprender c\u00f3mo funciona el sitio web, as\u00ed como analizar qu\u00e9 funciona y qu\u00e9 necesita mejorar.<\/p>\n<p><strong>\u00bfC\u00f3mo utilizamos las cookies?<\/strong><\/p>\n<p>Como la mayor\u00eda de los servicios en l\u00ednea, nuestro sitio web utiliza cookies propias y de terceros para diversos fines. Las cookies propias son esenciales para que el sitio web funcione correctamente y no recopilan ninguna informaci\u00f3n personal identificable sobre usted.<\/p>\n<p>Las cookies de terceros que utilizamos en nuestro sitio web se emplean principalmente para comprender c\u00f3mo funciona el sitio web, c\u00f3mo interact\u00faa usted con el sitio, mantener nuestros servicios seguros, ofrecerle anuncios relevantes y, en general, brindarle una experiencia de usuario mejorada y acelerar sus interacciones futuras con nuestro sitio web.<\/p>\n<\/div><div class=\"cky-audit-table-element\"><\/div><div class=\"fusion-text fusion-text-2\"><p><strong>Configuraci\u00f3n de las cookies<\/strong><\/p>\n<p>Puede cambiar sus preferencias de cookies utilizando el &lt;a class=\u00bbcky-banner-element\u00bb href=\u00bb#\u00bb&gt;&lt;u&gt;Gestor de Preferencias de Cookies&lt;\/u&gt;&lt;\/a&gt;. Esto le permitir\u00e1 volver a ver el banner de consentimiento de cookies y modificar sus preferencias o retirar su consentimiento de inmediato.<\/p>\n<p>Adem\u00e1s, los distintos navegadores ofrecen diferentes m\u00e9todos para bloquear y eliminar las cookies utilizadas por los sitios web. Puede cambiar la configuraci\u00f3n de su navegador para bloquear o eliminar las cookies. A continuaci\u00f3n, se muestran los enlaces a los documentos de soporte sobre c\u00f3mo gestionar y eliminar cookies en los principales navegadores web:<\/p>\n<ul>\n<li>Chrome: <a href=\"https:\/\/support.google.com\/accounts\/answer\/32050\" target=\"_new\">https:\/\/support.google.com\/accounts\/answer\/32050<\/a><\/li>\n<li>Safari: <a href=\"https:\/\/support.apple.com\/en-in\/guide\/safari\/sfri11471\/mac\" target=\"_new\">https:\/\/support.apple.com\/en-in\/guide\/safari\/sfri11471\/mac<\/a><\/li>\n<li>Firefox: <a href=\"https:\/\/support.mozilla.org\/en-US\/kb\/clear-cookies-and-site-data-firefox?redirectslug=delete-cookies-remove-info-websites-stored&amp;redirectlocale=en-US\" target=\"_new\">https:\/\/support.mozilla.org\/en-US\/kb\/clear-cookies-and-site-data-firefox<\/a><\/li>\n<li>Internet Explorer: <a href=\"https:\/\/support.microsoft.com\/en-us\/topic\/how-to-delete-cookie-files-in-internet-explorer-bca9446f-d873-78de-77ba-d42645fa52fc\" target=\"_new\">https:\/\/support.microsoft.com\/en-us\/topic\/how-to-delete-cookie-files-in-internet-explorer<\/a><\/li>\n<\/ul>\n<p>Si utiliza cualquier otro navegador web, visite la documentaci\u00f3n oficial de soporte de su navegador.<\/p>\n<\/div><\/div><\/div><\/div><\/div>\n","protected":false},"excerpt":{"rendered":"","protected":false},"author":2,"featured_media":0,"parent":0,"menu_order":0,"comment_status":"closed","ping_status":"closed","template":"100-width.php","meta":{"footnotes":""},"class_list":["post-926","page","type-page","status-publish","hentry"],"yoast_head":"<!-- This site is optimized with the Yoast SEO plugin v23.0 - https:\/\/yoast.com\/wordpress\/plugins\/seo\/ -->\n<title>Pol\u00edtica de cookies - Lingualis<\/title>\n<meta name=\"robots\" content=\"index, follow, max-snippet:-1, max-image-preview:large, max-video-preview:-1\" \/>\n<link rel=\"canonical\" href=\"https:\/\/www.lingualis.com\/es\/politica-de-cookies\/\" \/>\n<meta property=\"og:locale\" content=\"es_ES\" \/>\n<meta property=\"og:type\" content=\"article\" \/>\n<meta property=\"og:title\" content=\"Pol\u00edtica de cookies - Lingualis\" \/>\n<meta property=\"og:url\" content=\"https:\/\/www.lingualis.com\/es\/politica-de-cookies\/\" \/>\n<meta property=\"og:site_name\" content=\"Lingualis\" \/>\n<meta property=\"article:modified_time\" content=\"2024-12-04T12:47:40+00:00\" \/>\n<meta name=\"twitter:card\" content=\"summary_large_image\" \/>\n<meta name=\"twitter:label1\" content=\"Tiempo de lectura\" \/>\n\t<meta name=\"twitter:data1\" content=\"2 minutos\" \/>\n<script type=\"application\/ld+json\" class=\"yoast-schema-graph\">{\"@context\":\"https:\/\/schema.org\",\"@graph\":[{\"@type\":\"WebPage\",\"@id\":\"https:\/\/www.lingualis.com\/es\/politica-de-cookies\/\",\"url\":\"https:\/\/www.lingualis.com\/es\/politica-de-cookies\/\",\"name\":\"Pol\u00edtica de cookies - Lingualis\",\"isPartOf\":{\"@id\":\"https:\/\/www.lingualis.com\/#website\"},\"datePublished\":\"2023-07-10T09:44:04+00:00\",\"dateModified\":\"2024-12-04T12:47:40+00:00\",\"breadcrumb\":{\"@id\":\"https:\/\/www.lingualis.com\/es\/politica-de-cookies\/#breadcrumb\"},\"inLanguage\":\"es\",\"potentialAction\":[{\"@type\":\"ReadAction\",\"target\":[\"https:\/\/www.lingualis.com\/es\/politica-de-cookies\/\"]}]},{\"@type\":\"BreadcrumbList\",\"@id\":\"https:\/\/www.lingualis.com\/es\/politica-de-cookies\/#breadcrumb\",\"itemListElement\":[{\"@type\":\"ListItem\",\"position\":1,\"name\":\"Home\",\"item\":\"https:\/\/www.lingualis.com\/es\/\"},{\"@type\":\"ListItem\",\"position\":2,\"name\":\"Pol\u00edtica de cookies\"}]},{\"@type\":\"WebSite\",\"@id\":\"https:\/\/www.lingualis.com\/#website\",\"url\":\"https:\/\/www.lingualis.com\/\",\"name\":\"Lingualis\",\"description\":\"\",\"potentialAction\":[{\"@type\":\"SearchAction\",\"target\":{\"@type\":\"EntryPoint\",\"urlTemplate\":\"https:\/\/www.lingualis.com\/?s={search_term_string}\"},\"query-input\":\"required name=search_term_string\"}],\"inLanguage\":\"es\"}]}<\/script>\n<!-- \/ Yoast SEO plugin. -->","yoast_head_json":{"title":"Pol\u00edtica de cookies - Lingualis","robots":{"index":"index","follow":"follow","max-snippet":"max-snippet:-1","max-image-preview":"max-image-preview:large","max-video-preview":"max-video-preview:-1"},"canonical":"https:\/\/www.lingualis.com\/es\/politica-de-cookies\/","og_locale":"es_ES","og_type":"article","og_title":"Pol\u00edtica de cookies - Lingualis","og_url":"https:\/\/www.lingualis.com\/es\/politica-de-cookies\/","og_site_name":"Lingualis","article_modified_time":"2024-12-04T12:47:40+00:00","twitter_card":"summary_large_image","twitter_misc":{"Tiempo de lectura":"2 minutos"},"schema":{"@context":"https:\/\/schema.org","@graph":[{"@type":"WebPage","@id":"https:\/\/www.lingualis.com\/es\/politica-de-cookies\/","url":"https:\/\/www.lingualis.com\/es\/politica-de-cookies\/","name":"Pol\u00edtica de cookies - Lingualis","isPartOf":{"@id":"https:\/\/www.lingualis.com\/#website"},"datePublished":"2023-07-10T09:44:04+00:00","dateModified":"2024-12-04T12:47:40+00:00","breadcrumb":{"@id":"https:\/\/www.lingualis.com\/es\/politica-de-cookies\/#breadcrumb"},"inLanguage":"es","potentialAction":[{"@type":"ReadAction","target":["https:\/\/www.lingualis.com\/es\/politica-de-cookies\/"]}]},{"@type":"BreadcrumbList","@id":"https:\/\/www.lingualis.com\/es\/politica-de-cookies\/#breadcrumb","itemListElement":[{"@type":"ListItem","position":1,"name":"Home","item":"https:\/\/www.lingualis.com\/es\/"},{"@type":"ListItem","position":2,"name":"Pol\u00edtica de cookies"}]},{"@type":"WebSite","@id":"https:\/\/www.lingualis.com\/#website","url":"https:\/\/www.lingualis.com\/","name":"Lingualis","description":"","potentialAction":[{"@type":"SearchAction","target":{"@type":"EntryPoint","urlTemplate":"https:\/\/www.lingualis.com\/?s={search_term_string}"},"query-input":"required name=search_term_string"}],"inLanguage":"es"}]}},"_links":{"self":[{"href":"https:\/\/www.lingualis.com\/es\/wp-json\/wp\/v2\/pages\/926","targetHints":{"allow":["GET"]}}],"collection":[{"href":"https:\/\/www.lingualis.com\/es\/wp-json\/wp\/v2\/pages"}],"about":[{"href":"https:\/\/www.lingualis.com\/es\/wp-json\/wp\/v2\/types\/page"}],"author":[{"embeddable":true,"href":"https:\/\/www.lingualis.com\/es\/wp-json\/wp\/v2\/users\/2"}],"replies":[{"embeddable":true,"href":"https:\/\/www.lingualis.com\/es\/wp-json\/wp\/v2\/comments?post=926"}],"version-history":[{"count":7,"href":"https:\/\/www.lingualis.com\/es\/wp-json\/wp\/v2\/pages\/926\/revisions"}],"predecessor-version":[{"id":975,"href":"https:\/\/www.lingualis.com\/es\/wp-json\/wp\/v2\/pages\/926\/revisions\/975"}],"wp:attachment":[{"href":"https:\/\/www.lingualis.com\/es\/wp-json\/wp\/v2\/media?parent=926"}],"curies":[{"name":"wp","href":"https:\/\/api.w.org\/{rel}","templated":true}]}}