{"id":727,"date":"2023-06-30T12:22:09","date_gmt":"2023-06-30T12:22:09","guid":{"rendered":"https:\/\/www.lingualis.com\/?page_id=727"},"modified":"2023-11-13T09:43:22","modified_gmt":"2023-11-13T09:43:22","slug":"methodologie","status":"publish","type":"page","link":"https:\/\/www.lingualis.com\/fr\/methodologie\/","title":{"rendered":"M\u00e9thodologie"},"content":{"rendered":"<div class=\"fusion-fullwidth fullwidth-box fusion-builder-row-1 fusion-flex-container has-pattern-background has-mask-background nonhundred-percent-fullwidth non-hundred-percent-height-scrolling\" style=\"--awb-border-radius-top-left:0px;--awb-border-radius-top-right:0px;--awb-border-radius-bottom-right:0px;--awb-border-radius-bottom-left:0px;--awb-flex-wrap:wrap;\" ><div class=\"fusion-builder-row fusion-row fusion-flex-align-items-flex-start fusion-flex-content-wrap\" style=\"max-width:1404px;margin-left: calc(-4% \/ 2 );margin-right: calc(-4% \/ 2 );\"><div class=\"fusion-layout-column fusion_builder_column fusion-builder-column-0 fusion_builder_column_1_1 1_1 fusion-flex-column\" style=\"--awb-bg-size:cover;--awb-width-large:100%;--awb-margin-top-large:0px;--awb-spacing-right-large:1.92%;--awb-margin-bottom-large:20px;--awb-spacing-left-large:1.92%;--awb-width-medium:100%;--awb-order-medium:0;--awb-spacing-right-medium:1.92%;--awb-spacing-left-medium:1.92%;--awb-width-small:100%;--awb-order-small:0;--awb-spacing-right-small:1.92%;--awb-spacing-left-small:1.92%;\"><div class=\"fusion-column-wrapper fusion-column-has-shadow fusion-flex-justify-content-flex-start fusion-content-layout-column\"><div class=\"fusion-text fusion-text-1\"><h1 style=\"text-align: center;\">M\u00e9thodologie<\/h1>\n<\/div><\/div><\/div><div class=\"fusion-layout-column fusion_builder_column fusion-builder-column-1 fusion_builder_column_1_3 1_3 fusion-flex-column\" style=\"--awb-bg-size:cover;--awb-width-large:33.333333333333%;--awb-margin-top-large:0px;--awb-spacing-right-large:5.76%;--awb-margin-bottom-large:20px;--awb-spacing-left-large:5.76%;--awb-width-medium:33.333333333333%;--awb-order-medium:0;--awb-spacing-right-medium:5.76%;--awb-spacing-left-medium:5.76%;--awb-width-small:100%;--awb-order-small:0;--awb-spacing-right-small:1.92%;--awb-spacing-left-small:1.92%;\"><div class=\"fusion-column-wrapper fusion-column-has-shadow fusion-flex-justify-content-flex-start fusion-content-layout-column\"><div class=\"fusion-image-element \" style=\"--awb-caption-title-font-family:var(--h2_typography-font-family);--awb-caption-title-font-weight:var(--h2_typography-font-weight);--awb-caption-title-font-style:var(--h2_typography-font-style);--awb-caption-title-size:var(--h2_typography-font-size);--awb-caption-title-transform:var(--h2_typography-text-transform);--awb-caption-title-line-height:var(--h2_typography-line-height);--awb-caption-title-letter-spacing:var(--h2_typography-letter-spacing);\"><span class=\" fusion-imageframe imageframe-none imageframe-1 hover-type-none\"><img decoding=\"async\" width=\"386\" height=\"460\" title=\"tools\" src=\"https:\/\/www.lingualis.com\/wp-content\/uploads\/2023\/07\/tools-1.jpg\" alt class=\"img-responsive wp-image-650\" srcset=\"https:\/\/www.lingualis.com\/wp-content\/uploads\/2023\/07\/tools-1-200x238.jpg 200w, https:\/\/www.lingualis.com\/wp-content\/uploads\/2023\/07\/tools-1.jpg 386w\" sizes=\"(max-width: 640px) 100vw, 386px\" \/><\/span><\/div><\/div><\/div><div class=\"fusion-layout-column fusion_builder_column fusion-builder-column-2 fusion_builder_column_2_3 2_3 fusion-flex-column\" style=\"--awb-padding-top:0px;--awb-bg-size:cover;--awb-width-large:66.666666666667%;--awb-margin-top-large:-35px;--awb-spacing-right-large:2.88%;--awb-margin-bottom-large:20px;--awb-spacing-left-large:2.88%;--awb-width-medium:66.666666666667%;--awb-order-medium:0;--awb-spacing-right-medium:2.88%;--awb-spacing-left-medium:2.88%;--awb-width-small:100%;--awb-order-small:0;--awb-spacing-right-small:1.92%;--awb-spacing-left-small:1.92%;\" data-motion-effects=\"[{&quot;type&quot;:&quot;&quot;,&quot;scroll_type&quot;:&quot;transition&quot;,&quot;scroll_direction&quot;:&quot;up&quot;,&quot;transition_speed&quot;:&quot;1&quot;,&quot;fade_type&quot;:&quot;in&quot;,&quot;scale_type&quot;:&quot;up&quot;,&quot;initial_scale&quot;:&quot;1&quot;,&quot;max_scale&quot;:&quot;1.5&quot;,&quot;min_scale&quot;:&quot;0.5&quot;,&quot;initial_rotate&quot;:&quot;0&quot;,&quot;end_rotate&quot;:&quot;30&quot;,&quot;initial_blur&quot;:&quot;0&quot;,&quot;end_blur&quot;:&quot;3&quot;,&quot;start_element&quot;:&quot;top&quot;,&quot;start_viewport&quot;:&quot;bottom&quot;,&quot;end_element&quot;:&quot;bottom&quot;,&quot;end_viewport&quot;:&quot;top&quot;,&quot;mouse_effect&quot;:&quot;track&quot;,&quot;mouse_effect_direction&quot;:&quot;opposite&quot;,&quot;mouse_effect_speed&quot;:&quot;2&quot;,&quot;infinite_animation&quot;:&quot;float&quot;,&quot;infinite_animation_speed&quot;:&quot;2&quot;}]\" data-scroll-devices=\"small-visibility,medium-visibility,large-visibility\"><div class=\"fusion-column-wrapper fusion-column-has-shadow fusion-flex-justify-content-flex-start fusion-content-layout-column\"><div class=\"fusion-text fusion-text-2\" style=\"--awb-margin-top:0px;\"><h3>Outils<\/h3>\n<p>Les traducteurs\/r\u00e9viseurs de <strong>Lingualis<\/strong> ont acquis une solide exp\u00e9rience des plus c\u00e9l\u00e8bres outils logiciels d\u2019aide \u00e0 la traduction \u2014 notamment MemoQ, SDL Trados, XTM, Transit et Passolo \u2014 qui rationalisent le processus de traduction pour le b\u00e9n\u00e9fice de nos clients.<\/p>\n<p>Il s\u2019agit\u00a0essentiellement de bases de donn\u00e9es que nous maintenons afin d\u2019\u00e9viter les traductions redondantes d\u2019un projet \u00e0 un autre et de ma\u00eetriser les co\u00fbts pour nos clients.<\/p>\n<p>Ces outils sont toutefois r\u00e9serv\u00e9s aux projets techniques. Les traductions r\u00e9dactionnelles, telles que les sites Internet, la communication d\u2019entreprise ou les bulletins d\u2019information, requi\u00e8rent la cr\u00e9ativit\u00e9 et la plume que seul un bon traducteur peut offrir.<\/p>\n<p>Nous utilisons \u00e9galement diverses ressources en ligne propres \u00e0 chaque th\u00e9matique ainsi que toutes les bases de donn\u00e9es terminologiques mises \u00e0 la disposition des traducteurs dans le monde.<\/p>\n<\/div><div class=\"awb-gallery-wrapper awb-gallery-wrapper-1 button-span-no\" style=\"--more-btn-alignment:center;margin-top:5%;\"><div style=\"margin:-10px;--awb-bordersize:0px;\" class=\"fusion-gallery fusion-gallery-container fusion-grid-5 fusion-columns-total-5 fusion-gallery-layout-grid fusion-gallery-1\"><div style=\"padding:10px;\" class=\"fusion-grid-column fusion-gallery-column fusion-gallery-column-5 hover-type-none\"><div class=\"fusion-gallery-image\"><img decoding=\"async\" src=\"https:\/\/www.lingualis.com\/wp-content\/uploads\/2023\/07\/memoq.jpg\" width=\"553\" height=\"121\" alt=\"\" title=\"memoq\" aria-label=\"memoq\" class=\"img-responsive wp-image-502\" srcset=\"https:\/\/www.lingualis.com\/wp-content\/uploads\/2023\/07\/memoq-200x44.jpg 200w, https:\/\/www.lingualis.com\/wp-content\/uploads\/2023\/07\/memoq-400x88.jpg 400w, https:\/\/www.lingualis.com\/wp-content\/uploads\/2023\/07\/memoq.jpg 553w\" sizes=\"(min-width: 2200px) 100vw, (min-width: 928px) 262px, (min-width: 856px) 328px, (min-width: 784px) 437px, (min-width: 712px) 655px, (min-width: 640px) 712px, \" \/><\/div><\/div><div style=\"padding:10px;\" class=\"fusion-grid-column fusion-gallery-column fusion-gallery-column-5 hover-type-none\"><div class=\"fusion-gallery-image\"><img decoding=\"async\" src=\"https:\/\/www.lingualis.com\/wp-content\/uploads\/2023\/07\/trados.jpg\" width=\"553\" height=\"121\" alt=\"\" title=\"trados\" aria-label=\"trados\" class=\"img-responsive wp-image-504\" srcset=\"https:\/\/www.lingualis.com\/wp-content\/uploads\/2023\/07\/trados-200x44.jpg 200w, https:\/\/www.lingualis.com\/wp-content\/uploads\/2023\/07\/trados-400x88.jpg 400w, https:\/\/www.lingualis.com\/wp-content\/uploads\/2023\/07\/trados.jpg 553w\" sizes=\"(min-width: 2200px) 100vw, (min-width: 928px) 262px, (min-width: 856px) 328px, (min-width: 784px) 437px, (min-width: 712px) 655px, (min-width: 640px) 712px, \" \/><\/div><\/div><div style=\"padding:10px;\" class=\"fusion-grid-column fusion-gallery-column fusion-gallery-column-5 hover-type-none\"><div class=\"fusion-gallery-image\"><img decoding=\"async\" src=\"https:\/\/www.lingualis.com\/wp-content\/uploads\/2023\/07\/transit.jpg\" width=\"553\" height=\"121\" alt=\"\" title=\"transit\" aria-label=\"transit\" class=\"img-responsive wp-image-505\" srcset=\"https:\/\/www.lingualis.com\/wp-content\/uploads\/2023\/07\/transit-200x44.jpg 200w, https:\/\/www.lingualis.com\/wp-content\/uploads\/2023\/07\/transit-400x88.jpg 400w, https:\/\/www.lingualis.com\/wp-content\/uploads\/2023\/07\/transit.jpg 553w\" sizes=\"(min-width: 2200px) 100vw, (min-width: 928px) 262px, (min-width: 856px) 328px, (min-width: 784px) 437px, (min-width: 712px) 655px, (min-width: 640px) 712px, \" \/><\/div><\/div><div style=\"padding:10px;\" class=\"fusion-grid-column fusion-gallery-column fusion-gallery-column-5 hover-type-none\"><div class=\"fusion-gallery-image\"><img decoding=\"async\" src=\"https:\/\/www.lingualis.com\/wp-content\/uploads\/2023\/07\/xtm.jpg\" width=\"553\" height=\"121\" alt=\"\" title=\"xtm\" aria-label=\"xtm\" class=\"img-responsive wp-image-506\" srcset=\"https:\/\/www.lingualis.com\/wp-content\/uploads\/2023\/07\/xtm-200x44.jpg 200w, https:\/\/www.lingualis.com\/wp-content\/uploads\/2023\/07\/xtm-400x88.jpg 400w, https:\/\/www.lingualis.com\/wp-content\/uploads\/2023\/07\/xtm.jpg 553w\" sizes=\"(min-width: 2200px) 100vw, (min-width: 928px) 262px, (min-width: 856px) 328px, (min-width: 784px) 437px, (min-width: 712px) 655px, (min-width: 640px) 712px, \" \/><\/div><\/div><div style=\"padding:10px;\" class=\"fusion-grid-column fusion-gallery-column fusion-gallery-column-5 hover-type-none\"><div class=\"fusion-gallery-image\"><img decoding=\"async\" src=\"https:\/\/www.lingualis.com\/wp-content\/uploads\/2023\/07\/p.jpg\" width=\"553\" height=\"121\" alt=\"\" title=\"p\" aria-label=\"p\" class=\"img-responsive wp-image-503\" srcset=\"https:\/\/www.lingualis.com\/wp-content\/uploads\/2023\/07\/p-200x44.jpg 200w, https:\/\/www.lingualis.com\/wp-content\/uploads\/2023\/07\/p-400x88.jpg 400w, https:\/\/www.lingualis.com\/wp-content\/uploads\/2023\/07\/p.jpg 553w\" sizes=\"(min-width: 2200px) 100vw, (min-width: 928px) 262px, (min-width: 856px) 328px, (min-width: 784px) 437px, (min-width: 712px) 655px, (min-width: 640px) 712px, \" \/><\/div><\/div><div class=\"clearfix\"><\/div><\/div><\/div><\/div><\/div><div class=\"fusion-layout-column fusion_builder_column fusion-builder-column-3 fusion_builder_column_4_5 4_5 fusion-flex-column\" style=\"--awb-bg-size:cover;--awb-width-large:80%;--awb-margin-top-large:20px;--awb-spacing-right-large:2.4%;--awb-margin-bottom-large:20px;--awb-spacing-left-large:2.4%;--awb-width-medium:80%;--awb-order-medium:0;--awb-spacing-right-medium:2.4%;--awb-spacing-left-medium:2.4%;--awb-width-small:100%;--awb-order-small:0;--awb-spacing-right-small:1.92%;--awb-spacing-left-small:1.92%;\" data-motion-effects=\"[{&quot;type&quot;:&quot;&quot;,&quot;scroll_type&quot;:&quot;transition&quot;,&quot;scroll_direction&quot;:&quot;up&quot;,&quot;transition_speed&quot;:&quot;1&quot;,&quot;fade_type&quot;:&quot;in&quot;,&quot;scale_type&quot;:&quot;up&quot;,&quot;initial_scale&quot;:&quot;1&quot;,&quot;max_scale&quot;:&quot;1.5&quot;,&quot;min_scale&quot;:&quot;0.5&quot;,&quot;initial_rotate&quot;:&quot;0&quot;,&quot;end_rotate&quot;:&quot;30&quot;,&quot;initial_blur&quot;:&quot;0&quot;,&quot;end_blur&quot;:&quot;3&quot;,&quot;start_element&quot;:&quot;top&quot;,&quot;start_viewport&quot;:&quot;bottom&quot;,&quot;end_element&quot;:&quot;bottom&quot;,&quot;end_viewport&quot;:&quot;top&quot;,&quot;mouse_effect&quot;:&quot;track&quot;,&quot;mouse_effect_direction&quot;:&quot;opposite&quot;,&quot;mouse_effect_speed&quot;:&quot;2&quot;,&quot;infinite_animation&quot;:&quot;float&quot;,&quot;infinite_animation_speed&quot;:&quot;2&quot;}]\" data-scroll-devices=\"small-visibility,medium-visibility,large-visibility\"><div class=\"fusion-column-wrapper fusion-column-has-shadow fusion-flex-justify-content-flex-start fusion-content-layout-column\"><div class=\"fusion-text fusion-text-3\"><h3>M\u00e9thode de travail<\/h3>\n<p>Les membres de <strong>Lingualis<\/strong> forment une \u00e9quipe et, en tant que telle, nous partageons nos connaissances, notre expertise et nos ressources. Lorsque nous collaborons sur des projets d\u2019envergure, l\u2019un d\u2019entre nous (g\u00e9n\u00e9ralement le traducteur le plus sp\u00e9cialis\u00e9 dans le domaine) est charg\u00e9 de la relecture des traductions afin d\u2019en assurer la coh\u00e9rence terminologique et stylistique ainsi que la pertinence culturelle. Pour nos clients, cela signifie une valeur ajout\u00e9e et la garantie d\u2019un travail de haute qualit\u00e9.<\/p>\n<\/div><\/div><\/div><div class=\"fusion-layout-column fusion_builder_column fusion-builder-column-4 fusion_builder_column_1_5 1_5 fusion-flex-column\" style=\"--awb-bg-size:cover;--awb-width-large:20%;--awb-margin-top-large:8%;--awb-spacing-right-large:9.6%;--awb-margin-bottom-large:20px;--awb-spacing-left-large:9.6%;--awb-width-medium:20%;--awb-order-medium:0;--awb-spacing-right-medium:9.6%;--awb-spacing-left-medium:9.6%;--awb-width-small:100%;--awb-order-small:0;--awb-spacing-right-small:1.92%;--awb-spacing-left-small:1.92%;\" data-motion-effects=\"[{&quot;type&quot;:&quot;&quot;,&quot;scroll_type&quot;:&quot;transition&quot;,&quot;scroll_direction&quot;:&quot;up&quot;,&quot;transition_speed&quot;:&quot;1&quot;,&quot;fade_type&quot;:&quot;in&quot;,&quot;scale_type&quot;:&quot;up&quot;,&quot;initial_scale&quot;:&quot;1&quot;,&quot;max_scale&quot;:&quot;1.5&quot;,&quot;min_scale&quot;:&quot;0.5&quot;,&quot;initial_rotate&quot;:&quot;0&quot;,&quot;end_rotate&quot;:&quot;30&quot;,&quot;initial_blur&quot;:&quot;0&quot;,&quot;end_blur&quot;:&quot;3&quot;,&quot;start_element&quot;:&quot;top&quot;,&quot;start_viewport&quot;:&quot;bottom&quot;,&quot;end_element&quot;:&quot;bottom&quot;,&quot;end_viewport&quot;:&quot;top&quot;,&quot;mouse_effect&quot;:&quot;track&quot;,&quot;mouse_effect_direction&quot;:&quot;opposite&quot;,&quot;mouse_effect_speed&quot;:&quot;2&quot;,&quot;infinite_animation&quot;:&quot;float&quot;,&quot;infinite_animation_speed&quot;:&quot;2&quot;}]\" data-scroll-devices=\"small-visibility,medium-visibility,large-visibility\"><div class=\"fusion-column-wrapper fusion-column-has-shadow fusion-flex-justify-content-flex-start fusion-content-layout-column\"><div class=\"fusion-image-element \" style=\"--awb-caption-title-font-family:var(--h2_typography-font-family);--awb-caption-title-font-weight:var(--h2_typography-font-weight);--awb-caption-title-font-style:var(--h2_typography-font-style);--awb-caption-title-size:var(--h2_typography-font-size);--awb-caption-title-transform:var(--h2_typography-text-transform);--awb-caption-title-line-height:var(--h2_typography-line-height);--awb-caption-title-letter-spacing:var(--h2_typography-letter-spacing);\"><span class=\" fusion-imageframe imageframe-none imageframe-2 hover-type-none\"><img decoding=\"async\" width=\"300\" height=\"248\" title=\"Methodology_photo\" src=\"https:\/\/www.lingualis.com\/wp-content\/uploads\/2023\/07\/Methodology_photo-300x248.jpg\" alt class=\"img-responsive wp-image-670\" srcset=\"https:\/\/www.lingualis.com\/wp-content\/uploads\/2023\/07\/Methodology_photo-200x165.jpg 200w, https:\/\/www.lingualis.com\/wp-content\/uploads\/2023\/07\/Methodology_photo-400x331.jpg 400w, https:\/\/www.lingualis.com\/wp-content\/uploads\/2023\/07\/Methodology_photo-600x496.jpg 600w, https:\/\/www.lingualis.com\/wp-content\/uploads\/2023\/07\/Methodology_photo-800x662.jpg 800w, https:\/\/www.lingualis.com\/wp-content\/uploads\/2023\/07\/Methodology_photo-1200x993.jpg 1200w\" sizes=\"(max-width: 640px) 100vw, 400px\" \/><\/span><\/div><\/div><\/div><\/div><\/div>\n","protected":false},"excerpt":{"rendered":"","protected":false},"author":2,"featured_media":0,"parent":0,"menu_order":0,"comment_status":"closed","ping_status":"closed","template":"100-width.php","meta":{"footnotes":""},"class_list":["post-727","page","type-page","status-publish","hentry"],"yoast_head":"<!-- This site is optimized with the Yoast SEO plugin v23.0 - https:\/\/yoast.com\/wordpress\/plugins\/seo\/ -->\n<title>M\u00e9thodologie - Lingualis<\/title>\n<meta name=\"robots\" content=\"index, follow, max-snippet:-1, max-image-preview:large, max-video-preview:-1\" \/>\n<link rel=\"canonical\" href=\"https:\/\/www.lingualis.com\/methodology\/\" \/>\n<meta property=\"og:locale\" content=\"fr_FR\" \/>\n<meta property=\"og:type\" content=\"article\" \/>\n<meta property=\"og:title\" content=\"M\u00e9thodologie - Lingualis\" \/>\n<meta property=\"og:url\" content=\"https:\/\/www.lingualis.com\/methodology\/\" \/>\n<meta property=\"og:site_name\" content=\"Lingualis\" \/>\n<meta property=\"article:modified_time\" content=\"2023-11-13T09:43:22+00:00\" \/>\n<meta name=\"twitter:card\" content=\"summary_large_image\" \/>\n<meta name=\"twitter:label1\" content=\"Dur\u00e9e de lecture estim\u00e9e\" \/>\n\t<meta name=\"twitter:data1\" content=\"22 minutes\" \/>\n<script type=\"application\/ld+json\" class=\"yoast-schema-graph\">{\"@context\":\"https:\/\/schema.org\",\"@graph\":[{\"@type\":\"WebPage\",\"@id\":\"https:\/\/www.lingualis.com\/methodology\/\",\"url\":\"https:\/\/www.lingualis.com\/methodology\/\",\"name\":\"M\u00e9thodologie - Lingualis\",\"isPartOf\":{\"@id\":\"https:\/\/www.lingualis.com\/#website\"},\"datePublished\":\"2023-06-30T12:22:09+00:00\",\"dateModified\":\"2023-11-13T09:43:22+00:00\",\"breadcrumb\":{\"@id\":\"https:\/\/www.lingualis.com\/methodology\/#breadcrumb\"},\"inLanguage\":\"fr-FR\",\"potentialAction\":[{\"@type\":\"ReadAction\",\"target\":[\"https:\/\/www.lingualis.com\/methodology\/\"]}]},{\"@type\":\"BreadcrumbList\",\"@id\":\"https:\/\/www.lingualis.com\/methodology\/#breadcrumb\",\"itemListElement\":[{\"@type\":\"ListItem\",\"position\":1,\"name\":\"Home\",\"item\":\"https:\/\/www.lingualis.com\/\"},{\"@type\":\"ListItem\",\"position\":2,\"name\":\"M\u00e9thodologie\"}]},{\"@type\":\"WebSite\",\"@id\":\"https:\/\/www.lingualis.com\/#website\",\"url\":\"https:\/\/www.lingualis.com\/\",\"name\":\"Lingualis\",\"description\":\"\",\"potentialAction\":[{\"@type\":\"SearchAction\",\"target\":{\"@type\":\"EntryPoint\",\"urlTemplate\":\"https:\/\/www.lingualis.com\/?s={search_term_string}\"},\"query-input\":\"required name=search_term_string\"}],\"inLanguage\":\"fr-FR\"}]}<\/script>\n<!-- \/ Yoast SEO plugin. -->","yoast_head_json":{"title":"M\u00e9thodologie - Lingualis","robots":{"index":"index","follow":"follow","max-snippet":"max-snippet:-1","max-image-preview":"max-image-preview:large","max-video-preview":"max-video-preview:-1"},"canonical":"https:\/\/www.lingualis.com\/methodology\/","og_locale":"fr_FR","og_type":"article","og_title":"M\u00e9thodologie - Lingualis","og_url":"https:\/\/www.lingualis.com\/methodology\/","og_site_name":"Lingualis","article_modified_time":"2023-11-13T09:43:22+00:00","twitter_card":"summary_large_image","twitter_misc":{"Dur\u00e9e de lecture estim\u00e9e":"22 minutes"},"schema":{"@context":"https:\/\/schema.org","@graph":[{"@type":"WebPage","@id":"https:\/\/www.lingualis.com\/methodology\/","url":"https:\/\/www.lingualis.com\/methodology\/","name":"M\u00e9thodologie - Lingualis","isPartOf":{"@id":"https:\/\/www.lingualis.com\/#website"},"datePublished":"2023-06-30T12:22:09+00:00","dateModified":"2023-11-13T09:43:22+00:00","breadcrumb":{"@id":"https:\/\/www.lingualis.com\/methodology\/#breadcrumb"},"inLanguage":"fr-FR","potentialAction":[{"@type":"ReadAction","target":["https:\/\/www.lingualis.com\/methodology\/"]}]},{"@type":"BreadcrumbList","@id":"https:\/\/www.lingualis.com\/methodology\/#breadcrumb","itemListElement":[{"@type":"ListItem","position":1,"name":"Home","item":"https:\/\/www.lingualis.com\/"},{"@type":"ListItem","position":2,"name":"M\u00e9thodologie"}]},{"@type":"WebSite","@id":"https:\/\/www.lingualis.com\/#website","url":"https:\/\/www.lingualis.com\/","name":"Lingualis","description":"","potentialAction":[{"@type":"SearchAction","target":{"@type":"EntryPoint","urlTemplate":"https:\/\/www.lingualis.com\/?s={search_term_string}"},"query-input":"required name=search_term_string"}],"inLanguage":"fr-FR"}]}},"_links":{"self":[{"href":"https:\/\/www.lingualis.com\/fr\/wp-json\/wp\/v2\/pages\/727","targetHints":{"allow":["GET"]}}],"collection":[{"href":"https:\/\/www.lingualis.com\/fr\/wp-json\/wp\/v2\/pages"}],"about":[{"href":"https:\/\/www.lingualis.com\/fr\/wp-json\/wp\/v2\/types\/page"}],"author":[{"embeddable":true,"href":"https:\/\/www.lingualis.com\/fr\/wp-json\/wp\/v2\/users\/2"}],"replies":[{"embeddable":true,"href":"https:\/\/www.lingualis.com\/fr\/wp-json\/wp\/v2\/comments?post=727"}],"version-history":[{"count":4,"href":"https:\/\/www.lingualis.com\/fr\/wp-json\/wp\/v2\/pages\/727\/revisions"}],"predecessor-version":[{"id":1037,"href":"https:\/\/www.lingualis.com\/fr\/wp-json\/wp\/v2\/pages\/727\/revisions\/1037"}],"wp:attachment":[{"href":"https:\/\/www.lingualis.com\/fr\/wp-json\/wp\/v2\/media?parent=727"}],"curies":[{"name":"wp","href":"https:\/\/api.w.org\/{rel}","templated":true}]}}